{"id":73,"date":"2023-01-30T14:29:15","date_gmt":"2023-01-30T14:29:15","guid":{"rendered":"https:\/\/duenna.meltingpot.hu\/?page_id=73"},"modified":"2023-02-22T00:57:14","modified_gmt":"2023-02-22T00:57:14","slug":"kezelesi-utmutato","status":"publish","type":"page","link":"https:\/\/duenna.meltingpot.hu\/en\/kezelesi-utmutato\/","title":{"rendered":"User manual"},"content":{"rendered":"<p class=\" translation-block\"><strong>Duenna AI <\/strong>is a language learning app that lets you learn your chosen language through dialogues.<br>The dialogues are generated by an artificial intelligence based on the conditions you specify.<\/p>\r\n\r\n\r\n\r\n<p>Duenna AI uses a variant of the GPT (Generative Pre-trained Transformer) artificial intelligence model, which is a kind of neural network trained to generate natural language text. It uses a transformer architecture and is trained on large text datasets such as books, articles and websites. During the training, the model learns the patterns and structure of the text in the dataset and then uses this knowledge to generate new text similar to the training data.<\/p>\r\n\r\n\r\n\r\n\r\n\r\n<p>Given the input data, Duenna's AI model uses this learned knowledge to generate highly lifelike and meaningful conversations in a coherent and context-appropriate way. The model processes the input text token by token and generates the next token based on the probability distribution of all possible tokens, taking into account the input context. However, this type of language model has its limitations, so in some cases the generated text may contain inappropriate or strange details.<\/p>\r\n\r\n\r\n\r\n\r\n\r\n<p>We encourage all users to take advantage of the potential of the technology and use their imagination to create a variety of unique themes, and not always just use the built-in ready-made themes! It's a surprisingly interesting and varied way of creating dialogue!<\/p>\r\n<p>The conversation generated by the AI model is then read out using highly advanced AI-based speech synthesis voices. Finally, Duenna AI translates the generated text into the learner's language, also using a machine translation AI.<\/p>\r\n\r\n\r\n\r\n\r\n\r\n<p>&nbsp;<\/p>\r\n\r\n\r\n\r\n<figure class=\"wp-block-table is-style-stripes\">\r\n<table class=\"has-fixed-layout\">\r\n<tbody>\r\n<tr>\r\n<td><a href=\"https:\/\/duenna.meltingpot.hu\/wp-content\/uploads\/2023\/02\/app1.png\"><img loading=\"lazy\" decoding=\"async\" class=\"alignnone size-medium wp-image-141\" src=\"https:\/\/duenna.meltingpot.hu\/wp-content\/uploads\/2023\/02\/mainsc.png\" alt=\"\" width=\"203\" height=\"300\" srcset=\"https:\/\/duenna.meltingpot.hu\/wp-content\/uploads\/2023\/02\/mainsc.png 1076w, https:\/\/duenna.meltingpot.hu\/wp-content\/uploads\/2023\/02\/mainsc-238x300.png 238w, https:\/\/duenna.meltingpot.hu\/wp-content\/uploads\/2023\/02\/mainsc-814x1024.png 814w, https:\/\/duenna.meltingpot.hu\/wp-content\/uploads\/2023\/02\/mainsc-768x966.png 768w, https:\/\/duenna.meltingpot.hu\/wp-content\/uploads\/2023\/02\/mainsc-10x12.png 10w\" sizes=\"auto, (max-width: 203px) 100vw, 203px\" \/><\/a><\/td>\r\n<td class=\" translation-block\">On the home screen of the application, you can define the dialogue to be generated by entering a few simple options. All dialogues are generated by the artificial intelligence (AI), so each new dialogue is unique.\nThe first step is to specify the language of the dialogue to be created.<\/td>\r\n<\/tr>\r\n<tr>\r\n<td><a href=\"https:\/\/duenna.meltingpot.hu\/wp-content\/uploads\/2023\/02\/app2.png\"><img loading=\"lazy\" decoding=\"async\" class=\"alignnone size-medium wp-image-140\" src=\"https:\/\/duenna.meltingpot.hu\/wp-content\/uploads\/2023\/02\/topics.png\" alt=\"\" width=\"228\" height=\"300\" srcset=\"https:\/\/duenna.meltingpot.hu\/wp-content\/uploads\/2023\/02\/topics.png 1080w, https:\/\/duenna.meltingpot.hu\/wp-content\/uploads\/2023\/02\/topics-193x300.png 193w, https:\/\/duenna.meltingpot.hu\/wp-content\/uploads\/2023\/02\/topics-657x1024.png 657w, https:\/\/duenna.meltingpot.hu\/wp-content\/uploads\/2023\/02\/topics-768x1197.png 768w, https:\/\/duenna.meltingpot.hu\/wp-content\/uploads\/2023\/02\/topics-986x1536.png 986w, https:\/\/duenna.meltingpot.hu\/wp-content\/uploads\/2023\/02\/topics-8x12.png 8w\" sizes=\"auto, (max-width: 228px) 100vw, 228px\" \/><\/a><\/td>\r\n<td>The first thing that can be determined is the theme and mood\/style of the dialogue. You can choose from predefined topics (which can be useful in a language learning context) or you can specify very specific topics (see next section). The style you specify can have a significant impact on the dialogue you generate, and can produce a very varied mood within a given topic. It is worth experimenting with this too.<\/td>\r\n<\/tr>\r\n<tr>\r\n<td><a href=\"https:\/\/duenna.meltingpot.hu\/wp-content\/uploads\/2023\/02\/app3.png\"><img loading=\"lazy\" decoding=\"async\" class=\"alignnone size-medium wp-image-139\" src=\"https:\/\/duenna.meltingpot.hu\/wp-content\/uploads\/2023\/02\/customtopic.png\" alt=\"\" width=\"300\" height=\"218\" srcset=\"https:\/\/duenna.meltingpot.hu\/wp-content\/uploads\/2023\/02\/customtopic.png 1080w, https:\/\/duenna.meltingpot.hu\/wp-content\/uploads\/2023\/02\/customtopic-300x260.png 300w, https:\/\/duenna.meltingpot.hu\/wp-content\/uploads\/2023\/02\/customtopic-1024x887.png 1024w, https:\/\/duenna.meltingpot.hu\/wp-content\/uploads\/2023\/02\/customtopic-768x666.png 768w, https:\/\/duenna.meltingpot.hu\/wp-content\/uploads\/2023\/02\/customtopic-14x12.png 14w\" sizes=\"auto, (max-width: 300px) 100vw, 300px\" \/><\/a><\/td>\r\n<td>It's the setting of a Custom Topic that really shows the potential of AI. We can generate a very lively dialogue on practically any topic. We can enter anything: our favourite hobby, a sport we like, a movie title, a book, or any imaginary situation or historical event. Anything.<\/td>\r\n<\/tr>\r\n<tr>\r\n<td><a href=\"https:\/\/duenna.meltingpot.hu\/wp-content\/uploads\/2023\/02\/app4.png\"><img loading=\"lazy\" decoding=\"async\" class=\"alignnone size-medium wp-image-138\" src=\"https:\/\/duenna.meltingpot.hu\/wp-content\/uploads\/2023\/02\/customname.png\" alt=\"\" width=\"300\" height=\"212\" srcset=\"https:\/\/duenna.meltingpot.hu\/wp-content\/uploads\/2023\/02\/customname.png 1073w, https:\/\/duenna.meltingpot.hu\/wp-content\/uploads\/2023\/02\/customname-300x131.png 300w, https:\/\/duenna.meltingpot.hu\/wp-content\/uploads\/2023\/02\/customname-1024x449.png 1024w, https:\/\/duenna.meltingpot.hu\/wp-content\/uploads\/2023\/02\/customname-768x336.png 768w, https:\/\/duenna.meltingpot.hu\/wp-content\/uploads\/2023\/02\/customname-18x8.png 18w\" sizes=\"auto, (max-width: 300px) 100vw, 300px\" \/><\/a><\/td>\r\n<td>Finally, give the names of the participants in the dialogue. In many cases, the name will be included in the generated dialogue as a salutation. Here you also have the option to enter a unique name, or even your own name.<\/td>\r\n<\/tr>\r\n<tr>\r\n<td><a href=\"https:\/\/duenna.meltingpot.hu\/wp-content\/uploads\/2023\/02\/app5.png\"><img loading=\"lazy\" decoding=\"async\" class=\"alignnone size-medium wp-image-137\" src=\"https:\/\/duenna.meltingpot.hu\/wp-content\/uploads\/2023\/02\/showconv.png\" alt=\"\" width=\"142\" height=\"300\" srcset=\"https:\/\/duenna.meltingpot.hu\/wp-content\/uploads\/2023\/02\/showconv.png 1080w, https:\/\/duenna.meltingpot.hu\/wp-content\/uploads\/2023\/02\/showconv-142x300.png 142w, https:\/\/duenna.meltingpot.hu\/wp-content\/uploads\/2023\/02\/showconv-485x1024.png 485w, https:\/\/duenna.meltingpot.hu\/wp-content\/uploads\/2023\/02\/showconv-768x1621.png 768w, https:\/\/duenna.meltingpot.hu\/wp-content\/uploads\/2023\/02\/showconv-728x1536.png 728w, https:\/\/duenna.meltingpot.hu\/wp-content\/uploads\/2023\/02\/showconv-970x2048.png 970w, https:\/\/duenna.meltingpot.hu\/wp-content\/uploads\/2023\/02\/showconv-6x12.png 6w\" sizes=\"auto, (max-width: 142px) 100vw, 142px\" \/><\/a><\/td>\r\n<td>\u00a0On the previous screen, pressing the Start button after a few seconds will display the dialog created by the AI. The dialogue will be read out by a realistic sounding speech synthesizer on behalf of the two participants. In addition, to help you learn the language, the application will display a split-screen manner to translate the dialogue. Since the dialogue generated by the AI is completely random, we can only provide machine translation for the generated text. This is not a perfect translation in some cases, but it generally captures the essence of the text well. <br \/>The dialogue generated by the AI can also be a little strange or confusing in some cases, which is a feature of the language model, but in the vast majority of cases it is very entertaining and meaningful.<\/td>\r\n<\/tr>\r\n<tr>\r\n<td><a href=\"https:\/\/duenna.meltingpot.hu\/wp-content\/uploads\/2023\/02\/app6.png\"><img loading=\"lazy\" decoding=\"async\" class=\"alignnone size-medium wp-image-136\" src=\"https:\/\/duenna.meltingpot.hu\/wp-content\/uploads\/2023\/02\/savedialogue.png\" alt=\"\" width=\"300\" height=\"252\" srcset=\"https:\/\/duenna.meltingpot.hu\/wp-content\/uploads\/2023\/02\/savedialogue.png 1080w, https:\/\/duenna.meltingpot.hu\/wp-content\/uploads\/2023\/02\/savedialogue-300x213.png 300w, https:\/\/duenna.meltingpot.hu\/wp-content\/uploads\/2023\/02\/savedialogue-1024x726.png 1024w, https:\/\/duenna.meltingpot.hu\/wp-content\/uploads\/2023\/02\/savedialogue-768x545.png 768w, https:\/\/duenna.meltingpot.hu\/wp-content\/uploads\/2023\/02\/savedialogue-18x12.png 18w\" sizes=\"auto, (max-width: 300px) 100vw, 300px\" \/><\/a><\/td>\r\n<td>\u00a0Since the generated dialogue is always generated by the AI in a unique way, even the same input (topic, style and participants) will often result in new text. If you want to listen back to a dialogue later, you can save the dialogue by clicking on the save icon (bottom left). You can also name the dialogue as you like, but you can keep the default name.<\/td>\r\n<\/tr>\r\n<tr>\r\n<td><a href=\"https:\/\/duenna.meltingpot.hu\/wp-content\/uploads\/2023\/02\/app7.png\"><img loading=\"lazy\" decoding=\"async\" class=\"alignnone size-medium wp-image-135\" src=\"https:\/\/duenna.meltingpot.hu\/wp-content\/uploads\/2023\/02\/savesettings.png\" alt=\"\" width=\"300\" height=\"100\" srcset=\"https:\/\/duenna.meltingpot.hu\/wp-content\/uploads\/2023\/02\/savesettings.png 1080w, https:\/\/duenna.meltingpot.hu\/wp-content\/uploads\/2023\/02\/savesettings-300x90.png 300w, https:\/\/duenna.meltingpot.hu\/wp-content\/uploads\/2023\/02\/savesettings-1024x308.png 1024w, https:\/\/duenna.meltingpot.hu\/wp-content\/uploads\/2023\/02\/savesettings-768x231.png 768w, https:\/\/duenna.meltingpot.hu\/wp-content\/uploads\/2023\/02\/savesettings-18x5.png 18w\" sizes=\"auto, (max-width: 300px) 100vw, 300px\" \/><\/a><\/td>\r\n<td>\u00a0From the main screen, the icon in the top left corner (3-row list icon) allows you to replay previous dialogues.<\/td>\r\n<\/tr>\r\n<tr>\r\n<td><a href=\"https:\/\/duenna.meltingpot.hu\/wp-content\/uploads\/2023\/02\/app8.png\"><img loading=\"lazy\" decoding=\"async\" class=\"alignnone size-medium wp-image-134\" src=\"https:\/\/duenna.meltingpot.hu\/wp-content\/uploads\/2023\/02\/savedconv.png\" alt=\"\" width=\"142\" height=\"300\" srcset=\"https:\/\/duenna.meltingpot.hu\/wp-content\/uploads\/2023\/02\/savedconv.png 1080w, https:\/\/duenna.meltingpot.hu\/wp-content\/uploads\/2023\/02\/savedconv-142x300.png 142w, https:\/\/duenna.meltingpot.hu\/wp-content\/uploads\/2023\/02\/savedconv-485x1024.png 485w, https:\/\/duenna.meltingpot.hu\/wp-content\/uploads\/2023\/02\/savedconv-768x1621.png 768w, https:\/\/duenna.meltingpot.hu\/wp-content\/uploads\/2023\/02\/savedconv-728x1536.png 728w, https:\/\/duenna.meltingpot.hu\/wp-content\/uploads\/2023\/02\/savedconv-970x2048.png 970w, https:\/\/duenna.meltingpot.hu\/wp-content\/uploads\/2023\/02\/savedconv-6x12.png 6w\" sizes=\"auto, (max-width: 142px) 100vw, 142px\" \/><\/a><\/td>\r\n<td>\u00a0This screen shows the previously saved dialogues. You can see the title of the dialogue, its characteristics, and the list is grouped by date. To replay, just click on the item. To delete a dialogue, drag the item to the side and confirm the deletion. To delete all the dialogues, use the trash can icon in the top right corner.<\/td>\r\n<\/tr>\r\n<tr>\r\n<td><a href=\"https:\/\/duenna.meltingpot.hu\/wp-content\/uploads\/2023\/02\/app7.png\"><img loading=\"lazy\" decoding=\"async\" class=\"alignnone size-medium wp-image-135\" src=\"https:\/\/duenna.meltingpot.hu\/wp-content\/uploads\/2023\/02\/savesettings.png\" alt=\"\" width=\"300\" height=\"100\" srcset=\"https:\/\/duenna.meltingpot.hu\/wp-content\/uploads\/2023\/02\/savesettings.png 1080w, https:\/\/duenna.meltingpot.hu\/wp-content\/uploads\/2023\/02\/savesettings-300x90.png 300w, https:\/\/duenna.meltingpot.hu\/wp-content\/uploads\/2023\/02\/savesettings-1024x308.png 1024w, https:\/\/duenna.meltingpot.hu\/wp-content\/uploads\/2023\/02\/savesettings-768x231.png 768w, https:\/\/duenna.meltingpot.hu\/wp-content\/uploads\/2023\/02\/savesettings-18x5.png 18w\" sizes=\"auto, (max-width: 300px) 100vw, 300px\" \/><\/a><\/td>\r\n<td>Use the gear icon to access the application settings.<\/td>\r\n<\/tr>\r\n<tr>\r\n<td><a href=\"https:\/\/duenna.meltingpot.hu\/wp-content\/uploads\/2023\/02\/app9.png\"><img loading=\"lazy\" decoding=\"async\" class=\"alignnone size-medium wp-image-133\" src=\"https:\/\/duenna.meltingpot.hu\/wp-content\/uploads\/2023\/02\/settings.png\" alt=\"\" width=\"142\" height=\"300\" srcset=\"https:\/\/duenna.meltingpot.hu\/wp-content\/uploads\/2023\/02\/settings.png 1080w, https:\/\/duenna.meltingpot.hu\/wp-content\/uploads\/2023\/02\/settings-142x300.png 142w, https:\/\/duenna.meltingpot.hu\/wp-content\/uploads\/2023\/02\/settings-485x1024.png 485w, https:\/\/duenna.meltingpot.hu\/wp-content\/uploads\/2023\/02\/settings-768x1621.png 768w, https:\/\/duenna.meltingpot.hu\/wp-content\/uploads\/2023\/02\/settings-728x1536.png 728w, https:\/\/duenna.meltingpot.hu\/wp-content\/uploads\/2023\/02\/settings-970x2048.png 970w, https:\/\/duenna.meltingpot.hu\/wp-content\/uploads\/2023\/02\/settings-6x12.png 6w\" sizes=\"auto, (max-width: 142px) 100vw, 142px\" \/><\/a><\/td>\r\n<td>It is possible to set the colour scheme of the application (dark mode). You can also specify the language of the Learner (currently English and Hungarian). The Learner language will determine the language in which the user interface of the application will be displayed, and also the language in which the generated dialog will be translated by the application. <br \/>It is possible to specify the default target language in which the system should generate the dialogue (but this can also be specified on the main screen).<br \/>In the speaker settings, you can adjust the speed of the reading, for example.<\/td>\r\n<\/tr>\r\n<\/tbody>\r\n<\/table>\r\n<figcaption class=\"wp-element-caption\"><\/figcaption>\r\n<\/figure>\r\n\r\n\r\n\r\n<p>&nbsp;<\/p>","protected":false},"excerpt":{"rendered":"<p>A\u00a0Duenna AI egy olyan nyelvtanul\u00e1st seg\u00edt\u0151 alkalmaz\u00e1s, amivel\u00a0p\u00e1rbesz\u00e9dek\u00a0seg\u00edts\u00e9g\u00e9vel saj\u00e1t\u00edthatjuk el a kiv\u00e1lasztott nyelvet.A p\u00e1rbesz\u00e9deket egy\u00a0mesters\u00e9ges intelligencia \u00e1ll\u00edtja el\u0151\u00a0a megadott felt\u00e9telek alapj\u00e1n. A Duenna AI a GPT (Generative Pre-trained Transformer) mesters\u00e9ges intelligencia modell egy v\u00e1ltozat\u00e1t haszn\u00e1lja, amely egyfajta neur\u00e1lis h\u00e1l\u00f3zat, amelyet term\u00e9szetes nyelvi sz\u00f6vegek gener\u00e1l\u00e1s\u00e1ra k\u00e9peznek ki. Transzform\u00e1tor architekt\u00far\u00e1t haszn\u00e1l, \u00e9s nagy sz\u00f6vegadathalmazon, p\u00e9ld\u00e1ul k\u00f6nyveken, cikkeken [&hellip;]<\/p>","protected":false},"author":1,"featured_media":0,"parent":0,"menu_order":0,"comment_status":"closed","ping_status":"closed","template":"","meta":{"hide_page_title":"","_coblocks_attr":"","_coblocks_dimensions":"","_coblocks_responsive_height":"","_coblocks_accordion_ie_support":"","footnotes":""},"class_list":["post-73","page","type-page","status-publish","hentry"],"_links":{"self":[{"href":"https:\/\/duenna.meltingpot.hu\/en\/wp-json\/wp\/v2\/pages\/73","targetHints":{"allow":["GET"]}}],"collection":[{"href":"https:\/\/duenna.meltingpot.hu\/en\/wp-json\/wp\/v2\/pages"}],"about":[{"href":"https:\/\/duenna.meltingpot.hu\/en\/wp-json\/wp\/v2\/types\/page"}],"author":[{"embeddable":true,"href":"https:\/\/duenna.meltingpot.hu\/en\/wp-json\/wp\/v2\/users\/1"}],"replies":[{"embeddable":true,"href":"https:\/\/duenna.meltingpot.hu\/en\/wp-json\/wp\/v2\/comments?post=73"}],"version-history":[{"count":13,"href":"https:\/\/duenna.meltingpot.hu\/en\/wp-json\/wp\/v2\/pages\/73\/revisions"}],"predecessor-version":[{"id":132,"href":"https:\/\/duenna.meltingpot.hu\/en\/wp-json\/wp\/v2\/pages\/73\/revisions\/132"}],"wp:attachment":[{"href":"https:\/\/duenna.meltingpot.hu\/en\/wp-json\/wp\/v2\/media?parent=73"}],"curies":[{"name":"wp","href":"https:\/\/api.w.org\/{rel}","templated":true}]}}