{"id":8,"date":"2023-01-23T09:41:24","date_gmt":"2023-01-23T09:41:24","guid":{"rendered":"https:\/\/duenna.meltingpot.hu\/?page_id=8"},"modified":"2023-03-14T18:57:48","modified_gmt":"2023-03-14T18:57:48","slug":"az-alkalmazas","status":"publish","type":"page","link":"https:\/\/duenna.meltingpot.hu\/en\/","title":{"rendered":"The app"},"content":{"rendered":"<p class=\" translation-block\"><strong>Duenna AI <\/strong>is a language learning app that lets you learn your chosen language through dialogues.<br>The dialogues are generated by an artificial intelligence based on the conditions you specify.<\/p>\n<ul>\n<li class=\" translation-block\">Dialogue <strong>language<\/strong>: currently English, German and Italian are supported, but you can enable new languages<\/li>\n<li class=\" translation-block\">The <strong>topic<\/strong> of the dialogue: this can be a general topic chosen from a list, or a completely unique topic (e.g. Ernest Rubik and the Rubik's Cube). In the case of a unique topic, the AI will generate a relevant and realistic dialogue related to the topic<\/li>\n<li class=\" translation-block\">The \"<strong>tone of the dialogue<\/strong>\": you can choose what the basic tone of the dialogue should be, e.g. happy, sad, worried, playful, funny, etc.<\/li>\n<li class=\" translation-block\">Finally, you can enter the names of the two <strong>characters<\/strong> in the dialogue from a list or completely individually (e.g. your own name or that of a friend)<\/li>\n<\/ul>\n<p class=\" translation-block\">The AI generates and displays the dialogue based on the conditions you specify. You will not only be able to read the dialogue in text, but a realistic speech synthesizer will read the dialogue as if it were happening in real life.<\/p>\n<p>An additional feature of the application is that the generated dialogue is also displayed in the language of the language learner using machine translation. This helps beginner language learners to have the translation available.<\/p>\n<p>&nbsp;<\/p>\n<p class=\" translation-block\">(The application is under continuous testing at the BKSZC Pog\u00e1ny Frigyes Secondary School, Hungary)<\/p>\n<h5>Screenshots<\/h5>\n<p><a href=\"https:\/\/duenna.meltingpot.hu\/wp-content\/uploads\/2023\/02\/Screenshot_20230221_220939.png\"><img loading=\"lazy\" decoding=\"async\" class=\"alignnone size-medium wp-image-122\" src=\"https:\/\/duenna.meltingpot.hu\/wp-content\/uploads\/2023\/02\/Screenshot_20230221_220939-142x300.png\" alt=\"\" width=\"142\" height=\"300\" srcset=\"https:\/\/duenna.meltingpot.hu\/wp-content\/uploads\/2023\/02\/Screenshot_20230221_220939-142x300.png 142w, https:\/\/duenna.meltingpot.hu\/wp-content\/uploads\/2023\/02\/Screenshot_20230221_220939-485x1024.png 485w, https:\/\/duenna.meltingpot.hu\/wp-content\/uploads\/2023\/02\/Screenshot_20230221_220939-768x1621.png 768w, https:\/\/duenna.meltingpot.hu\/wp-content\/uploads\/2023\/02\/Screenshot_20230221_220939-728x1536.png 728w, https:\/\/duenna.meltingpot.hu\/wp-content\/uploads\/2023\/02\/Screenshot_20230221_220939-970x2048.png 970w, https:\/\/duenna.meltingpot.hu\/wp-content\/uploads\/2023\/02\/Screenshot_20230221_220939.png 1080w\" sizes=\"auto, (max-width: 142px) 100vw, 142px\" \/> <\/a><a href=\"https:\/\/duenna.meltingpot.hu\/wp-content\/uploads\/2023\/02\/Screenshot_20230221_221007.png\"><img loading=\"lazy\" decoding=\"async\" class=\"alignnone size-medium wp-image-123\" src=\"https:\/\/duenna.meltingpot.hu\/wp-content\/uploads\/2023\/02\/Screenshot_20230221_221007-142x300.png\" alt=\"\" width=\"142\" height=\"300\" srcset=\"https:\/\/duenna.meltingpot.hu\/wp-content\/uploads\/2023\/02\/Screenshot_20230221_221007-142x300.png 142w, https:\/\/duenna.meltingpot.hu\/wp-content\/uploads\/2023\/02\/Screenshot_20230221_221007-485x1024.png 485w, https:\/\/duenna.meltingpot.hu\/wp-content\/uploads\/2023\/02\/Screenshot_20230221_221007-768x1621.png 768w, https:\/\/duenna.meltingpot.hu\/wp-content\/uploads\/2023\/02\/Screenshot_20230221_221007-728x1536.png 728w, https:\/\/duenna.meltingpot.hu\/wp-content\/uploads\/2023\/02\/Screenshot_20230221_221007-970x2048.png 970w, https:\/\/duenna.meltingpot.hu\/wp-content\/uploads\/2023\/02\/Screenshot_20230221_221007.png 1080w\" sizes=\"auto, (max-width: 142px) 100vw, 142px\" \/><\/a><a href=\"https:\/\/duenna.meltingpot.hu\/wp-content\/uploads\/2023\/02\/Screenshot_20230221_221011.png\"> <img loading=\"lazy\" decoding=\"async\" class=\"alignnone size-medium wp-image-124\" src=\"https:\/\/duenna.meltingpot.hu\/wp-content\/uploads\/2023\/02\/Screenshot_20230221_221011-142x300.png\" alt=\"\" width=\"142\" height=\"300\" srcset=\"https:\/\/duenna.meltingpot.hu\/wp-content\/uploads\/2023\/02\/Screenshot_20230221_221011-142x300.png 142w, https:\/\/duenna.meltingpot.hu\/wp-content\/uploads\/2023\/02\/Screenshot_20230221_221011-485x1024.png 485w, https:\/\/duenna.meltingpot.hu\/wp-content\/uploads\/2023\/02\/Screenshot_20230221_221011-768x1621.png 768w, https:\/\/duenna.meltingpot.hu\/wp-content\/uploads\/2023\/02\/Screenshot_20230221_221011-728x1536.png 728w, https:\/\/duenna.meltingpot.hu\/wp-content\/uploads\/2023\/02\/Screenshot_20230221_221011-970x2048.png 970w, https:\/\/duenna.meltingpot.hu\/wp-content\/uploads\/2023\/02\/Screenshot_20230221_221011.png 1080w\" sizes=\"auto, (max-width: 142px) 100vw, 142px\" \/><\/a> <a href=\"https:\/\/duenna.meltingpot.hu\/wp-content\/uploads\/2023\/02\/Screenshot_20230221_221015.png\"><img loading=\"lazy\" decoding=\"async\" class=\"alignnone size-medium wp-image-125\" src=\"https:\/\/duenna.meltingpot.hu\/wp-content\/uploads\/2023\/02\/Screenshot_20230221_221015-142x300.png\" alt=\"\" width=\"142\" height=\"300\" srcset=\"https:\/\/duenna.meltingpot.hu\/wp-content\/uploads\/2023\/02\/Screenshot_20230221_221015-142x300.png 142w, https:\/\/duenna.meltingpot.hu\/wp-content\/uploads\/2023\/02\/Screenshot_20230221_221015-485x1024.png 485w, https:\/\/duenna.meltingpot.hu\/wp-content\/uploads\/2023\/02\/Screenshot_20230221_221015-768x1621.png 768w, https:\/\/duenna.meltingpot.hu\/wp-content\/uploads\/2023\/02\/Screenshot_20230221_221015-728x1536.png 728w, https:\/\/duenna.meltingpot.hu\/wp-content\/uploads\/2023\/02\/Screenshot_20230221_221015-970x2048.png 970w, https:\/\/duenna.meltingpot.hu\/wp-content\/uploads\/2023\/02\/Screenshot_20230221_221015.png 1080w\" sizes=\"auto, (max-width: 142px) 100vw, 142px\" \/><\/a><a href=\"https:\/\/duenna.meltingpot.hu\/wp-content\/uploads\/2023\/02\/Screenshot_20230221_221040.png\"> <img loading=\"lazy\" decoding=\"async\" class=\"alignnone size-medium wp-image-126\" src=\"https:\/\/duenna.meltingpot.hu\/wp-content\/uploads\/2023\/02\/Screenshot_20230221_221040-142x300.png\" alt=\"\" width=\"142\" height=\"300\" srcset=\"https:\/\/duenna.meltingpot.hu\/wp-content\/uploads\/2023\/02\/Screenshot_20230221_221040-142x300.png 142w, https:\/\/duenna.meltingpot.hu\/wp-content\/uploads\/2023\/02\/Screenshot_20230221_221040-485x1024.png 485w, https:\/\/duenna.meltingpot.hu\/wp-content\/uploads\/2023\/02\/Screenshot_20230221_221040-768x1621.png 768w, https:\/\/duenna.meltingpot.hu\/wp-content\/uploads\/2023\/02\/Screenshot_20230221_221040-728x1536.png 728w, https:\/\/duenna.meltingpot.hu\/wp-content\/uploads\/2023\/02\/Screenshot_20230221_221040-970x2048.png 970w, https:\/\/duenna.meltingpot.hu\/wp-content\/uploads\/2023\/02\/Screenshot_20230221_221040.png 1080w\" sizes=\"auto, (max-width: 142px) 100vw, 142px\" \/><\/a><a href=\"https:\/\/duenna.meltingpot.hu\/wp-content\/uploads\/2023\/02\/Screenshot_20230221_221221.png\">\u00a0<img loading=\"lazy\" decoding=\"async\" class=\"alignnone size-medium wp-image-127\" src=\"https:\/\/duenna.meltingpot.hu\/wp-content\/uploads\/2023\/02\/Screenshot_20230221_221221-142x300.png\" alt=\"\" width=\"142\" height=\"300\" srcset=\"https:\/\/duenna.meltingpot.hu\/wp-content\/uploads\/2023\/02\/Screenshot_20230221_221221-142x300.png 142w, https:\/\/duenna.meltingpot.hu\/wp-content\/uploads\/2023\/02\/Screenshot_20230221_221221-485x1024.png 485w, https:\/\/duenna.meltingpot.hu\/wp-content\/uploads\/2023\/02\/Screenshot_20230221_221221-768x1621.png 768w, https:\/\/duenna.meltingpot.hu\/wp-content\/uploads\/2023\/02\/Screenshot_20230221_221221-728x1536.png 728w, https:\/\/duenna.meltingpot.hu\/wp-content\/uploads\/2023\/02\/Screenshot_20230221_221221-970x2048.png 970w, https:\/\/duenna.meltingpot.hu\/wp-content\/uploads\/2023\/02\/Screenshot_20230221_221221.png 1080w\" sizes=\"auto, (max-width: 142px) 100vw, 142px\" \/>\u00a0<\/a><\/p>\n<h5>Demo<\/h5>\n<p><iframe loading=\"lazy\" title=\"Duenna AI - r\u00f6vid demo\" width=\"660\" height=\"371\" src=\"https:\/\/www.youtube.com\/embed\/KR6Vl5Y69Bk?feature=oembed\" frameborder=\"0\" allow=\"accelerometer; autoplay; clipboard-write; encrypted-media; gyroscope; picture-in-picture; web-share\" referrerpolicy=\"strict-origin-when-cross-origin\" allowfullscreen><\/iframe><\/p>\n<div align=\"center\"><a href=\"https:\/\/apps.apple.com\/hu\/app\/duenna-ai\/id1671646911\" target=\"_blank\" rel=\"noopener\"><img loading=\"lazy\" decoding=\"async\" class=\"alignnone wp-image-37 size-full\" src=\"https:\/\/csori.meltingpot.hu\/wp-content\/uploads\/2021\/12\/app-store.png\" alt=\"\" width=\"264\" height=\"68\" \/><\/a> <a href=\"https:\/\/play.google.com\/store\/apps\/details?id=hu.blackskimmer.duenna_ai\" target=\"_blank\" rel=\"noopener\"><img loading=\"lazy\" decoding=\"async\" class=\"size-medium wp-image-38\" src=\"https:\/\/csori.meltingpot.hu\/wp-content\/uploads\/2021\/12\/play-store.png\" alt=\"\" width=\"235\" height=\"70\" \/><\/a><\/div>","protected":false},"excerpt":{"rendered":"<p>A Duenna AI egy olyan nyelvtanul\u00e1st seg\u00edt\u0151 alkalmaz\u00e1s, amivel p\u00e1rbesz\u00e9dek seg\u00edts\u00e9g\u00e9vel saj\u00e1t\u00edthatjuk el a kiv\u00e1lasztott nyelvet. A p\u00e1rbesz\u00e9deket pedig egy mesters\u00e9ges intelligencia \u00e1ll\u00edtja el\u0151 a megadott felt\u00e9telek alapj\u00e1n: A p\u00e1rbesz\u00e9d nyelve: alapb\u00f3l angol, n\u00e9met \u00e9s olasz nyelv t\u00e1mogatott, de enged\u00e9lyezni lehet m\u00e1s nyelveket A p\u00e1rbesz\u00e9d t\u00e9m\u00e1ja: ez lehet egy \u00e1ltal\u00e1nos t\u00e9ma, amit egy list\u00e1b\u00f3l v\u00e1lasztunk, [&hellip;]<\/p>","protected":false},"author":1,"featured_media":0,"parent":0,"menu_order":0,"comment_status":"closed","ping_status":"closed","template":"","meta":{"hide_page_title":"","_coblocks_attr":"","_coblocks_dimensions":"","_coblocks_responsive_height":"","_coblocks_accordion_ie_support":"","footnotes":""},"class_list":["post-8","page","type-page","status-publish","hentry"],"_links":{"self":[{"href":"https:\/\/duenna.meltingpot.hu\/en\/wp-json\/wp\/v2\/pages\/8","targetHints":{"allow":["GET"]}}],"collection":[{"href":"https:\/\/duenna.meltingpot.hu\/en\/wp-json\/wp\/v2\/pages"}],"about":[{"href":"https:\/\/duenna.meltingpot.hu\/en\/wp-json\/wp\/v2\/types\/page"}],"author":[{"embeddable":true,"href":"https:\/\/duenna.meltingpot.hu\/en\/wp-json\/wp\/v2\/users\/1"}],"replies":[{"embeddable":true,"href":"https:\/\/duenna.meltingpot.hu\/en\/wp-json\/wp\/v2\/comments?post=8"}],"version-history":[{"count":18,"href":"https:\/\/duenna.meltingpot.hu\/en\/wp-json\/wp\/v2\/pages\/8\/revisions"}],"predecessor-version":[{"id":166,"href":"https:\/\/duenna.meltingpot.hu\/en\/wp-json\/wp\/v2\/pages\/8\/revisions\/166"}],"wp:attachment":[{"href":"https:\/\/duenna.meltingpot.hu\/en\/wp-json\/wp\/v2\/media?parent=8"}],"curies":[{"name":"wp","href":"https:\/\/api.w.org\/{rel}","templated":true}]}}